{"id":142,"date":"2020-05-19T07:34:26","date_gmt":"2020-05-19T06:34:26","guid":{"rendered":"http:\/\/atoutlims.fr\/?page_id=142"},"modified":"2020-05-19T09:16:12","modified_gmt":"2020-05-19T08:16:12","slug":"nous-contacter","status":"publish","type":"page","link":"https:\/\/atoutlims.fr\/en\/nous-contacter\/","title":{"rendered":"Contact Us"},"content":{"rendered":"<div data-elementor-type=\"wp-page\" data-elementor-id=\"142\" class=\"elementor elementor-142\" data-elementor-settings=\"[]\">\n\t\t\t\t\t\t<div class=\"elementor-inner\">\n\t\t\t\t\t\t\t<div class=\"elementor-section-wrap\">\n\t\t\t\t\t\t\t<section class=\"elementor-section elementor-top-section elementor-element elementor-element-78d42bc0 elementor-section-content-middle elementor-section-boxed elementor-section-height-default elementor-section-height-default\" data-id=\"78d42bc0\" data-element_type=\"section\">\n\t\t\t\t\t\t<div class=\"elementor-container elementor-column-gap-no\">\n\t\t\t\t\t\t\t<div class=\"elementor-row\">\n\t\t\t\t\t<div class=\"elementor-column elementor-col-50 elementor-top-column elementor-element elementor-element-48b46af7\" data-id=\"48b46af7\" data-element_type=\"column\">\n\t\t\t<div class=\"elementor-column-wrap elementor-element-populated\">\n\t\t\t\t\t\t\t<div class=\"elementor-widget-wrap\">\n\t\t\t\t\t\t<div class=\"elementor-element elementor-element-1ffbb214 animated-slow elementor-widget__width-inherit elementor-hidden-phone elementor-invisible elementor-widget elementor-widget-heading\" data-id=\"1ffbb214\" data-element_type=\"widget\" data-settings=\"{&quot;_animation&quot;:&quot;fadeIn&quot;}\" data-widget_type=\"heading.default\">\n\t\t\t\t<div class=\"elementor-widget-container\">\n\t\t\t<h3 class=\"elementor-heading-title elementor-size-default\">Need more information?<\/h3>\t\t<\/div>\n\t\t\t\t<\/div>\n\t\t\t\t<div class=\"elementor-element elementor-element-ee6bfc elementor-widget-divider--view-line elementor-widget elementor-widget-divider\" data-id=\"ee6bfc\" data-element_type=\"widget\" data-widget_type=\"divider.default\">\n\t\t\t\t<div class=\"elementor-widget-container\">\n\t\t\t\t\t<div class=\"elementor-divider\">\n\t\t\t<span class=\"elementor-divider-separator\">\n\t\t\t\t\t\t<\/span>\n\t\t<\/div>\n\t\t\t\t<\/div>\n\t\t\t\t<\/div>\n\t\t\t\t\t\t<\/div>\n\t\t\t\t\t<\/div>\n\t\t<\/div>\n\t\t\t\t<div class=\"elementor-column elementor-col-50 elementor-top-column elementor-element elementor-element-332ea27b\" data-id=\"332ea27b\" data-element_type=\"column\">\n\t\t\t<div class=\"elementor-column-wrap elementor-element-populated\">\n\t\t\t\t\t\t\t<div class=\"elementor-widget-wrap\">\n\t\t\t\t\t\t<div class=\"elementor-element elementor-element-208b61b elementor-position-left elementor-view-default elementor-vertical-align-top elementor-widget elementor-widget-icon-box\" data-id=\"208b61b\" data-element_type=\"widget\" data-widget_type=\"icon-box.default\">\n\t\t\t\t<div class=\"elementor-widget-container\">\n\t\t\t\t\t<div class=\"elementor-icon-box-wrapper\">\n\t\t\t\t\t\t<div class=\"elementor-icon-box-icon\">\n\t\t\t\t<span class=\"elementor-icon elementor-animation-grow\" >\n\t\t\t\t<i aria-hidden=\"true\" class=\"fas fa-question-circle\"><\/i>\t\t\t\t<\/span>\n\t\t\t<\/div>\n\t\t\t\t\t\t<div class=\"elementor-icon-box-content\">\n\t\t\t\t<h3 class=\"elementor-icon-box-title\">\n\t\t\t\t\t<span >A project you need to evaluate?<\/span>\n\t\t\t\t<\/h3>\n\t\t\t\t\t\t\t\t<p class=\"elementor-icon-box-description\">We will be delighted to consult your specifications and discuss your project.<\/p>\n\t\t\t\t\t\t\t<\/div>\n\t\t<\/div>\n\t\t\t\t<\/div>\n\t\t\t\t<\/div>\n\t\t\t\t<div class=\"elementor-element elementor-element-4464ab60 elementor-position-left elementor-view-default elementor-vertical-align-top elementor-widget elementor-widget-icon-box\" data-id=\"4464ab60\" data-element_type=\"widget\" data-widget_type=\"icon-box.default\">\n\t\t\t\t<div class=\"elementor-widget-container\">\n\t\t\t\t\t<div class=\"elementor-icon-box-wrapper\">\n\t\t\t\t\t\t<div class=\"elementor-icon-box-icon\">\n\t\t\t\t<span class=\"elementor-icon elementor-animation-grow\" >\n\t\t\t\t<i aria-hidden=\"true\" class=\"far fa-question-circle\"><\/i>\t\t\t\t<\/span>\n\t\t\t<\/div>\n\t\t\t\t\t\t<div class=\"elementor-icon-box-content\">\n\t\t\t\t<h3 class=\"elementor-icon-box-title\">\n\t\t\t\t\t<span >Looking for a job or an internship?<\/span>\n\t\t\t\t<\/h3>\n\t\t\t\t\t\t\t\t<p class=\"elementor-icon-box-description\">AtoutLIMS is growing and is always looking to add dynamic members to its team!<\/p>\n\t\t\t\t\t\t\t<\/div>\n\t\t<\/div>\n\t\t\t\t<\/div>\n\t\t\t\t<\/div>\n\t\t\t\t<div class=\"elementor-element elementor-element-57eda1e8 elementor-position-left elementor-view-default elementor-vertical-align-top elementor-widget elementor-widget-icon-box\" data-id=\"57eda1e8\" data-element_type=\"widget\" data-widget_type=\"icon-box.default\">\n\t\t\t\t<div class=\"elementor-widget-container\">\n\t\t\t\t\t<div class=\"elementor-icon-box-wrapper\">\n\t\t\t\t\t\t<div class=\"elementor-icon-box-icon\">\n\t\t\t\t<span class=\"elementor-icon elementor-animation-grow\" >\n\t\t\t\t<i aria-hidden=\"true\" class=\"fas fa-question-circle\"><\/i>\t\t\t\t<\/span>\n\t\t\t<\/div>\n\t\t\t\t\t\t<div class=\"elementor-icon-box-content\">\n\t\t\t\t<h3 class=\"elementor-icon-box-title\">\n\t\t\t\t\t<span >Would you like training for your staff?<\/span>\n\t\t\t\t<\/h3>\n\t\t\t\t\t\t\t\t<p class=\"elementor-icon-box-description\">Our consultants will be able to pass on their technical and business-oriented knowledge to your employees.<\/p>\n\t\t\t\t\t\t\t<\/div>\n\t\t<\/div>\n\t\t\t\t<\/div>\n\t\t\t\t<\/div>\n\t\t\t\t\t\t<\/div>\n\t\t\t\t\t<\/div>\n\t\t<\/div>\n\t\t\t\t\t\t\t\t<\/div>\n\t\t\t\t\t<\/div>\n\t\t<\/section>\n\t\t\t\t<section class=\"elementor-section elementor-top-section elementor-element elementor-element-df9375f elementor-section-boxed elementor-section-height-default elementor-section-height-default\" data-id=\"df9375f\" data-element_type=\"section\">\n\t\t\t\t\t\t<div class=\"elementor-container elementor-column-gap-default\">\n\t\t\t\t\t\t\t<div class=\"elementor-row\">\n\t\t\t\t\t<div class=\"elementor-column elementor-col-100 elementor-top-column elementor-element elementor-element-0d33948\" data-id=\"0d33948\" data-element_type=\"column\">\n\t\t\t<div class=\"elementor-column-wrap elementor-element-populated\">\n\t\t\t\t\t\t\t<div class=\"elementor-widget-wrap\">\n\t\t\t\t\t\t<div class=\"elementor-element elementor-element-4645512 elementor-widget-divider--view-line elementor-widget elementor-widget-divider\" data-id=\"4645512\" data-element_type=\"widget\" data-widget_type=\"divider.default\">\n\t\t\t\t<div class=\"elementor-widget-container\">\n\t\t\t\t\t<div class=\"elementor-divider\">\n\t\t\t<span class=\"elementor-divider-separator\">\n\t\t\t\t\t\t<\/span>\n\t\t<\/div>\n\t\t\t\t<\/div>\n\t\t\t\t<\/div>\n\t\t\t\t\t\t<\/div>\n\t\t\t\t\t<\/div>\n\t\t<\/div>\n\t\t\t\t\t\t\t\t<\/div>\n\t\t\t\t\t<\/div>\n\t\t<\/section>\n\t\t\t\t<section class=\"elementor-section elementor-top-section elementor-element elementor-element-debeab2 elementor-section-boxed elementor-section-height-default elementor-section-height-default\" data-id=\"debeab2\" data-element_type=\"section\">\n\t\t\t\t\t\t<div class=\"elementor-container elementor-column-gap-default\">\n\t\t\t\t\t\t\t<div class=\"elementor-row\">\n\t\t\t\t\t<div class=\"elementor-column elementor-col-100 elementor-top-column elementor-element elementor-element-1a3fe30\" data-id=\"1a3fe30\" data-element_type=\"column\">\n\t\t\t<div class=\"elementor-column-wrap elementor-element-populated\">\n\t\t\t\t\t\t\t<div class=\"elementor-widget-wrap\">\n\t\t\t\t\t\t<div class=\"elementor-element elementor-element-f003d26 elementor-widget elementor-widget-heading\" data-id=\"f003d26\" data-element_type=\"widget\" data-widget_type=\"heading.default\">\n\t\t\t\t<div class=\"elementor-widget-container\">\n\t\t\t<h3 class=\"elementor-heading-title elementor-size-default\">Don't hesitate: contact us! <\/h3>\t\t<\/div>\n\t\t\t\t<\/div>\n\t\t\t\t\t\t<\/div>\n\t\t\t\t\t<\/div>\n\t\t<\/div>\n\t\t\t\t\t\t\t\t<\/div>\n\t\t\t\t\t<\/div>\n\t\t<\/section>\n\t\t\t\t<section class=\"elementor-section elementor-top-section elementor-element elementor-element-6523a17 elementor-section-boxed elementor-section-height-default elementor-section-height-default\" data-id=\"6523a17\" data-element_type=\"section\">\n\t\t\t\t\t\t<div class=\"elementor-container elementor-column-gap-default\">\n\t\t\t\t\t\t\t<div class=\"elementor-row\">\n\t\t\t\t\t<div class=\"elementor-column elementor-col-50 elementor-top-column elementor-element elementor-element-c30ea2a\" data-id=\"c30ea2a\" data-element_type=\"column\">\n\t\t\t<div class=\"elementor-column-wrap elementor-element-populated\">\n\t\t\t\t\t\t\t<div class=\"elementor-widget-wrap\">\n\t\t\t\t\t\t<div class=\"elementor-element elementor-element-f8f795d elementor-widget__width-auto elementor-widget elementor-widget-image\" data-id=\"f8f795d\" data-element_type=\"widget\" data-widget_type=\"image.default\">\n\t\t\t\t<div class=\"elementor-widget-container\">\n\t\t\t\t\t\t\t\t<div class=\"elementor-image\">\n\t\t\t\t\t\t\t\t\t\t\t\t<img width=\"605\" height=\"907\" src=\"https:\/\/atoutlims.fr\/wp-content\/uploads\/2020\/05\/marc-kleen-d564kCp26Kw-unsplash-683x1024.jpg\" class=\"attachment-large size-large\" alt=\"\" loading=\"lazy\" srcset=\"https:\/\/atoutlims.fr\/wp-content\/uploads\/2020\/05\/marc-kleen-d564kCp26Kw-unsplash-683x1024.jpg 683w, https:\/\/atoutlims.fr\/wp-content\/uploads\/2020\/05\/marc-kleen-d564kCp26Kw-unsplash-200x300.jpg 200w, https:\/\/atoutlims.fr\/wp-content\/uploads\/2020\/05\/marc-kleen-d564kCp26Kw-unsplash-768x1152.jpg 768w, https:\/\/atoutlims.fr\/wp-content\/uploads\/2020\/05\/marc-kleen-d564kCp26Kw-unsplash-1024x1536.jpg 1024w, https:\/\/atoutlims.fr\/wp-content\/uploads\/2020\/05\/marc-kleen-d564kCp26Kw-unsplash-1365x2048.jpg 1365w, https:\/\/atoutlims.fr\/wp-content\/uploads\/2020\/05\/marc-kleen-d564kCp26Kw-unsplash-100x150.jpg 100w, https:\/\/atoutlims.fr\/wp-content\/uploads\/2020\/05\/marc-kleen-d564kCp26Kw-unsplash-150x225.jpg 150w, https:\/\/atoutlims.fr\/wp-content\/uploads\/2020\/05\/marc-kleen-d564kCp26Kw-unsplash-300x450.jpg 300w, https:\/\/atoutlims.fr\/wp-content\/uploads\/2020\/05\/marc-kleen-d564kCp26Kw-unsplash-450x675.jpg 450w, https:\/\/atoutlims.fr\/wp-content\/uploads\/2020\/05\/marc-kleen-d564kCp26Kw-unsplash-600x900.jpg 600w, https:\/\/atoutlims.fr\/wp-content\/uploads\/2020\/05\/marc-kleen-d564kCp26Kw-unsplash-900x1350.jpg 900w, https:\/\/atoutlims.fr\/wp-content\/uploads\/2020\/05\/marc-kleen-d564kCp26Kw-unsplash-scaled.jpg 1707w\" sizes=\"(max-width: 605px) 100vw, 605px\" \/>\t\t\t\t\t\t\t\t\t\t\t\t\t\t<\/div>\n\t\t\t\t\t\t<\/div>\n\t\t\t\t<\/div>\n\t\t\t\t\t\t<\/div>\n\t\t\t\t\t<\/div>\n\t\t<\/div>\n\t\t\t\t<div class=\"elementor-column elementor-col-50 elementor-top-column elementor-element elementor-element-1bf02a7\" data-id=\"1bf02a7\" data-element_type=\"column\">\n\t\t\t<div class=\"elementor-column-wrap elementor-element-populated\">\n\t\t\t\t\t\t\t<div class=\"elementor-widget-wrap\">\n\t\t\t\t\t\t<div class=\"elementor-element elementor-element-e05f328 elementor-widget elementor-widget-shortcode\" data-id=\"e05f328\" data-element_type=\"widget\" data-widget_type=\"shortcode.default\">\n\t\t\t\t<div class=\"elementor-widget-container\">\n\t\t\t\t\t<div class=\"elementor-shortcode\"><div class=\"wpforms-container wpforms-container-full\" id=\"wpforms-90\"><form id=\"wpforms-form-90\" class=\"wpforms-validate wpforms-form\" data-formid=\"90\" method=\"post\" enctype=\"multipart\/form-data\" action=\"\/en\/wp-json\/wp\/v2\/pages\/142\" data-trp-original-action=\"\/en\/wp-json\/wp\/v2\/pages\/142\"><noscript class=\"wpforms-error-noscript\">Please enable JavaScript in your browser to complete this form.<\/noscript><div class=\"wpforms-field-container\"><div id=\"wpforms-90-field_0-container\" class=\"wpforms-field wpforms-field-name wpf-button-center\" data-field-id=\"0\"><label class=\"wpforms-field-label\" for=\"wpforms-90-field_0\">Name <span class=\"wpforms-required-label\">*<\/span><\/label><div class=\"wpforms-field-row wpforms-field-large\"><div class=\"wpforms-field-row-block wpforms-first wpforms-one-half\"><input type=\"text\" id=\"wpforms-90-field_0\" class=\"wpforms-field-name-first wpforms-field-required\" name=\"wpforms[fields][0][first]\" required><label for=\"wpforms-90-field_0\" class=\"wpforms-field-sublabel after\">First<\/label><\/div><div class=\"wpforms-field-row-block wpforms-one-half\"><input type=\"text\" id=\"wpforms-90-field_0-last\" class=\"wpforms-field-name-last wpforms-field-required\" name=\"wpforms[fields][0][last]\" required><label for=\"wpforms-90-field_0-last\" class=\"wpforms-field-sublabel after\">Last<\/label><\/div><\/div><\/div><div id=\"wpforms-90-field_1-container\" class=\"wpforms-field wpforms-field-email\" data-field-id=\"1\"><label class=\"wpforms-field-label\" for=\"wpforms-90-field_1\">E-mail <span class=\"wpforms-required-label\">*<\/span><\/label><input type=\"email\" id=\"wpforms-90-field_1\" class=\"wpforms-field-large wpforms-field-required\" name=\"wpforms[fields][1]\" required><\/div><div id=\"wpforms-90-field_4-container\" class=\"wpforms-field wpforms-field-text\" data-field-id=\"4\"><label class=\"wpforms-field-label\" for=\"wpforms-90-field_4\">Phone number<\/label><input type=\"text\" id=\"wpforms-90-field_4\" class=\"wpforms-field-large\" name=\"wpforms[fields][4]\" ><\/div><div id=\"wpforms-90-field_3-container\" class=\"wpforms-field wpforms-field-text\" data-field-id=\"3\"><label class=\"wpforms-field-label\" for=\"wpforms-90-field_3\">Company<\/label><input type=\"text\" id=\"wpforms-90-field_3\" class=\"wpforms-field-large\" name=\"wpforms[fields][3]\" ><\/div><div id=\"wpforms-90-field_2-container\" class=\"wpforms-field wpforms-field-textarea\" data-field-id=\"2\"><label class=\"wpforms-field-label\" for=\"wpforms-90-field_2\">Your message <span class=\"wpforms-required-label\">*<\/span><\/label><textarea id=\"wpforms-90-field_2\" class=\"wpforms-field-medium wpforms-field-required\" name=\"wpforms[fields][2]\" required><\/textarea><\/div><\/div><div class=\"wpforms-field wpforms-field-hp\"><label for=\"wpforms-90-field-hp\" class=\"wpforms-field-label\">Phone<\/label><input type=\"text\" name=\"wpforms[hp]\" id=\"wpforms-90-field-hp\" class=\"wpforms-field-medium\"><\/div><div class=\"wpforms-recaptcha-container\" ><div class=\"g-recaptcha\" data-sitekey=\"AIzaSyDCOj2xZNG1CJa-fmihXDqDXNbvU0KKgeg\" data-size=\"invisible\"><\/div><\/div><div class=\"wpforms-submit-container\" ><input type=\"hidden\" name=\"wpforms[id]\" value=\"90\"><input type=\"hidden\" name=\"wpforms[author]\" value=\"1\"><button type=\"submit\" name=\"wpforms[submit]\" class=\"wpforms-submit\" id=\"wpforms-submit-90\" value=\"wpforms-submit\" aria-live=\"assertive\" data-alt-text=\"Envoi...\" data-submit-text=\"Envoyer\">Send<\/button><\/div><input type=\"hidden\" name=\"trp-form-language\" value=\"en\"\/><\/form><\/div>  <!-- .wpforms-container --><\/div>\n\t\t\t\t<\/div>\n\t\t\t\t<\/div>\n\t\t\t\t\t\t<\/div>\n\t\t\t\t\t<\/div>\n\t\t<\/div>\n\t\t\t\t\t\t\t\t<\/div>\n\t\t\t\t\t<\/div>\n\t\t<\/section>\n\t\t\t\t\t\t<\/div>\n\t\t\t\t\t\t<\/div>\n\t\t\t\t\t<\/div>","protected":false},"excerpt":{"rendered":"<p>Besoin d&#8217;un renseignement ? Un projet \u00e0 faire \u00e9valuer ? Nous serons ravis de consulter votre cahier des charges et d&#8217;\u00e9changer concernant votre projet. En recherche d&#8217;emploi ou de stage? AtoutLIMS grandit et cherche toujours \u00e0 ajouter des membres dynamiques &hellip;<\/p>\n<p class=\"read-more\"> <a class=\"more-link\" href=\"https:\/\/atoutlims.fr\/en\/nous-contacter\/\"> <span class=\"screen-reader-text\">Contact Us<\/span> Read More &raquo;<\/a><\/p>","protected":false},"author":1,"featured_media":0,"parent":0,"menu_order":0,"comment_status":"closed","ping_status":"closed","template":"full-width-page.php","meta":[],"yoast_head":"<!-- This site is optimized with the Yoast SEO plugin v16.2 - https:\/\/yoast.com\/wordpress\/plugins\/seo\/ -->\n<title>Nous contacter - ATOUTLIMS<\/title>\n<meta name=\"robots\" content=\"index, follow, max-snippet:-1, max-image-preview:large, max-video-preview:-1\" \/>\n<link rel=\"canonical\" href=\"https:\/\/atoutlims.fr\/en\/nous-contacter\/\" \/>\n<meta property=\"og:locale\" content=\"en_GB\" \/>\n<meta property=\"og:type\" content=\"article\" \/>\n<meta property=\"og:title\" content=\"Nous contacter - ATOUTLIMS\" \/>\n<meta property=\"og:description\" content=\"Besoin d&#8217;un renseignement ? Un projet \u00e0 faire \u00e9valuer ? Nous serons ravis de consulter votre cahier des charges et d&#8217;\u00e9changer concernant votre projet. En recherche d&#8217;emploi ou de stage? AtoutLIMS grandit et cherche toujours \u00e0 ajouter des membres dynamiques &hellip; Nous contacter Read More &raquo;\" \/>\n<meta property=\"og:url\" content=\"https:\/\/atoutlims.fr\/en\/nous-contacter\/\" \/>\n<meta property=\"og:site_name\" content=\"ATOUTLIMS\" \/>\n<meta property=\"article:modified_time\" content=\"2020-05-19T08:16:12+00:00\" \/>\n<meta property=\"og:image\" content=\"http:\/\/atoutlims.fr\/wp-content\/uploads\/2020\/05\/marc-kleen-d564kCp26Kw-unsplash-683x1024.jpg\" \/>\n<script type=\"application\/ld+json\" class=\"yoast-schema-graph\">{\"@context\":\"https:\/\/schema.org\",\"@graph\":[{\"@type\":\"Organization\",\"@id\":\"https:\/\/atoutlims.fr\/#organization\",\"name\":\"AtoutLIMS\",\"url\":\"https:\/\/atoutlims.fr\/\",\"sameAs\":[],\"logo\":{\"@type\":\"ImageObject\",\"@id\":\"https:\/\/atoutlims.fr\/#logo\",\"inLanguage\":\"en-GB\",\"url\":\"https:\/\/atoutlims.fr\/wp-content\/uploads\/2020\/05\/ATLlogo_other.png\",\"contentUrl\":\"https:\/\/atoutlims.fr\/wp-content\/uploads\/2020\/05\/ATLlogo_other.png\",\"width\":499,\"height\":291,\"caption\":\"AtoutLIMS\"},\"image\":{\"@id\":\"https:\/\/atoutlims.fr\/#logo\"}},{\"@type\":\"WebSite\",\"@id\":\"https:\/\/atoutlims.fr\/#website\",\"url\":\"https:\/\/atoutlims.fr\/\",\"name\":\"AtoutLIMS\",\"description\":\"Votre \\u00e9quipe pour votre projet informatique de laboratoire\",\"publisher\":{\"@id\":\"https:\/\/atoutlims.fr\/#organization\"},\"potentialAction\":[{\"@type\":\"SearchAction\",\"target\":\"https:\/\/atoutlims.fr\/?s={search_term_string}\",\"query-input\":\"required name=search_term_string\"}],\"inLanguage\":\"en-GB\"},{\"@type\":\"ImageObject\",\"@id\":\"http:\/\/atoutlims.fr\/nous-contacter\/#primaryimage\",\"inLanguage\":\"en-GB\",\"url\":\"http:\/\/atoutlims.fr\/wp-content\/uploads\/2020\/05\/marc-kleen-d564kCp26Kw-unsplash-683x1024.jpg\",\"contentUrl\":\"http:\/\/atoutlims.fr\/wp-content\/uploads\/2020\/05\/marc-kleen-d564kCp26Kw-unsplash-683x1024.jpg\"},{\"@type\":\"WebPage\",\"@id\":\"http:\/\/atoutlims.fr\/nous-contacter\/#webpage\",\"url\":\"http:\/\/atoutlims.fr\/nous-contacter\/\",\"name\":\"Nous contacter - ATOUTLIMS\",\"isPartOf\":{\"@id\":\"https:\/\/atoutlims.fr\/#website\"},\"primaryImageOfPage\":{\"@id\":\"http:\/\/atoutlims.fr\/nous-contacter\/#primaryimage\"},\"datePublished\":\"2020-05-19T06:34:26+00:00\",\"dateModified\":\"2020-05-19T08:16:12+00:00\",\"breadcrumb\":{\"@id\":\"http:\/\/atoutlims.fr\/nous-contacter\/#breadcrumb\"},\"inLanguage\":\"en-GB\",\"potentialAction\":[{\"@type\":\"ReadAction\",\"target\":[\"http:\/\/atoutlims.fr\/nous-contacter\/\"]}]},{\"@type\":\"BreadcrumbList\",\"@id\":\"http:\/\/atoutlims.fr\/nous-contacter\/#breadcrumb\",\"itemListElement\":[{\"@type\":\"ListItem\",\"position\":1,\"item\":{\"@type\":\"WebPage\",\"@id\":\"https:\/\/atoutlims.fr\/\",\"url\":\"https:\/\/atoutlims.fr\/\",\"name\":\"Accueil\"}},{\"@type\":\"ListItem\",\"position\":2,\"item\":{\"@id\":\"http:\/\/atoutlims.fr\/nous-contacter\/#webpage\"}}]}]}<\/script>\n<!-- \/ Yoast SEO plugin. -->","_links":{"self":[{"href":"https:\/\/atoutlims.fr\/en\/wp-json\/wp\/v2\/pages\/142"}],"collection":[{"href":"https:\/\/atoutlims.fr\/en\/wp-json\/wp\/v2\/pages"}],"about":[{"href":"https:\/\/atoutlims.fr\/en\/wp-json\/wp\/v2\/types\/page"}],"author":[{"embeddable":true,"href":"https:\/\/atoutlims.fr\/en\/wp-json\/wp\/v2\/users\/1"}],"replies":[{"embeddable":true,"href":"https:\/\/atoutlims.fr\/en\/wp-json\/wp\/v2\/comments?post=142"}],"version-history":[{"count":7,"href":"https:\/\/atoutlims.fr\/en\/wp-json\/wp\/v2\/pages\/142\/revisions"}],"predecessor-version":[{"id":171,"href":"https:\/\/atoutlims.fr\/en\/wp-json\/wp\/v2\/pages\/142\/revisions\/171"}],"wp:attachment":[{"href":"https:\/\/atoutlims.fr\/en\/wp-json\/wp\/v2\/media?parent=142"}],"curies":[{"name":"wp","href":"https:\/\/api.w.org\/{rel}","templated":true}]}}