{"id":189,"date":"2020-05-19T10:08:03","date_gmt":"2020-05-19T09:08:03","guid":{"rendered":"http:\/\/atoutlims.fr\/?page_id=189"},"modified":"2021-02-24T09:24:43","modified_gmt":"2021-02-24T08:24:43","slug":"nos-clients","status":"publish","type":"page","link":"https:\/\/atoutlims.fr\/en\/nos-clients\/","title":{"rendered":"Our partners and customers"},"content":{"rendered":"<div data-elementor-type=\"wp-page\" data-elementor-id=\"189\" class=\"elementor elementor-189\" data-elementor-settings=\"[]\">\n\t\t\t\t\t\t<div class=\"elementor-inner\">\n\t\t\t\t\t\t\t<div class=\"elementor-section-wrap\">\n\t\t\t\t\t\t\t<section class=\"elementor-section elementor-top-section elementor-element elementor-element-9b15e93 elementor-section-boxed elementor-section-height-default elementor-section-height-default elementor-invisible\" data-id=\"9b15e93\" data-element_type=\"section\" data-settings=\"{&quot;animation&quot;:&quot;fadeInLeft&quot;}\">\n\t\t\t\t\t\t<div class=\"elementor-container elementor-column-gap-default\">\n\t\t\t\t\t\t\t<div class=\"elementor-row\">\n\t\t\t\t\t<div class=\"elementor-column elementor-col-100 elementor-top-column elementor-element elementor-element-afafa84\" data-id=\"afafa84\" data-element_type=\"column\">\n\t\t\t<div class=\"elementor-column-wrap elementor-element-populated\">\n\t\t\t\t\t\t\t<div class=\"elementor-widget-wrap\">\n\t\t\t\t\t\t<div class=\"elementor-element elementor-element-fae72d9 elementor-widget elementor-widget-heading\" data-id=\"fae72d9\" data-element_type=\"widget\" data-widget_type=\"heading.default\">\n\t\t\t\t<div class=\"elementor-widget-container\">\n\t\t\t<h2 class=\"elementor-heading-title elementor-size-default\">Our partners<\/h2>\t\t<\/div>\n\t\t\t\t<\/div>\n\t\t\t\t<section class=\"elementor-section elementor-inner-section elementor-element elementor-element-a85d2d3 elementor-section-boxed elementor-section-height-default elementor-section-height-default\" data-id=\"a85d2d3\" data-element_type=\"section\">\n\t\t\t\t\t\t<div class=\"elementor-container elementor-column-gap-default\">\n\t\t\t\t\t\t\t<div class=\"elementor-row\">\n\t\t\t\t\t<div class=\"elementor-column elementor-col-33 elementor-inner-column elementor-element elementor-element-e0fb11c\" data-id=\"e0fb11c\" data-element_type=\"column\">\n\t\t\t<div class=\"elementor-column-wrap elementor-element-populated\">\n\t\t\t\t\t\t\t<div class=\"elementor-widget-wrap\">\n\t\t\t\t\t\t<div class=\"elementor-element elementor-element-75209f7 elementor-widget elementor-widget-image\" data-id=\"75209f7\" data-element_type=\"widget\" data-widget_type=\"image.default\">\n\t\t\t\t<div class=\"elementor-widget-container\">\n\t\t\t\t\t\t\t\t<div class=\"elementor-image\">\n\t\t\t\t\t\t\t\t\t\t\t\t<img width=\"276\" height=\"183\" src=\"https:\/\/atoutlims.fr\/wp-content\/uploads\/2020\/05\/tfs_logo.png\" class=\"attachment-large size-large\" alt=\"\" loading=\"lazy\" srcset=\"https:\/\/atoutlims.fr\/wp-content\/uploads\/2020\/05\/tfs_logo.png 276w, https:\/\/atoutlims.fr\/wp-content\/uploads\/2020\/05\/tfs_logo-100x66.png 100w, https:\/\/atoutlims.fr\/wp-content\/uploads\/2020\/05\/tfs_logo-150x99.png 150w, https:\/\/atoutlims.fr\/wp-content\/uploads\/2020\/05\/tfs_logo-200x133.png 200w\" sizes=\"(max-width: 276px) 100vw, 276px\" \/>\t\t\t\t\t\t\t\t\t\t\t\t\t\t<\/div>\n\t\t\t\t\t\t<\/div>\n\t\t\t\t<\/div>\n\t\t\t\t\t\t<\/div>\n\t\t\t\t\t<\/div>\n\t\t<\/div>\n\t\t\t\t<div class=\"elementor-column elementor-col-66 elementor-inner-column elementor-element elementor-element-2a25fcc\" data-id=\"2a25fcc\" data-element_type=\"column\">\n\t\t\t<div class=\"elementor-column-wrap elementor-element-populated\">\n\t\t\t\t\t\t\t<div class=\"elementor-widget-wrap\">\n\t\t\t\t\t\t<div class=\"elementor-element elementor-element-38b3753 elementor-widget elementor-widget-heading\" data-id=\"38b3753\" data-element_type=\"widget\" data-widget_type=\"heading.default\">\n\t\t\t\t<div class=\"elementor-widget-container\">\n\t\t\t<h2 class=\"elementor-heading-title elementor-size-default\">ThermoFisher Scientific<\/h2>\t\t<\/div>\n\t\t\t\t<\/div>\n\t\t\t\t<div class=\"elementor-element elementor-element-71c334f elementor-widget elementor-widget-text-editor\" data-id=\"71c334f\" data-element_type=\"widget\" data-widget_type=\"text-editor.default\">\n\t\t\t\t<div class=\"elementor-widget-container\">\n\t\t\t\t\t\t\t\t<div class=\"elementor-text-editor elementor-clearfix\">\n\t\t\t\t\t<p>AtoutLIMS works in partnership with the leading publisher in the LIMS world.<br \/>Our consultants are experts in the management and administration of the SampleManager\u2122 LIMS and will be able to share their knowledge with you during our collaboration.<\/p>\t\t\t\t\t<\/div>\n\t\t\t\t\t\t<\/div>\n\t\t\t\t<\/div>\n\t\t\t\t\t\t<\/div>\n\t\t\t\t\t<\/div>\n\t\t<\/div>\n\t\t\t\t\t\t\t\t<\/div>\n\t\t\t\t\t<\/div>\n\t\t<\/section>\n\t\t\t\t\t\t<\/div>\n\t\t\t\t\t<\/div>\n\t\t<\/div>\n\t\t\t\t\t\t\t\t<\/div>\n\t\t\t\t\t<\/div>\n\t\t<\/section>\n\t\t\t\t<section class=\"elementor-section elementor-top-section elementor-element elementor-element-795dc9d elementor-section-boxed elementor-section-height-default elementor-section-height-default elementor-invisible\" data-id=\"795dc9d\" data-element_type=\"section\" data-settings=\"{&quot;animation&quot;:&quot;fadeInRight&quot;}\">\n\t\t\t\t\t\t<div class=\"elementor-container elementor-column-gap-default\">\n\t\t\t\t\t\t\t<div class=\"elementor-row\">\n\t\t\t\t\t<div class=\"elementor-column elementor-col-100 elementor-top-column elementor-element elementor-element-9c51df1\" data-id=\"9c51df1\" data-element_type=\"column\">\n\t\t\t<div class=\"elementor-column-wrap elementor-element-populated\">\n\t\t\t\t\t\t\t<div class=\"elementor-widget-wrap\">\n\t\t\t\t\t\t<div class=\"elementor-element elementor-element-15fde8d elementor-widget-divider--view-line elementor-widget elementor-widget-divider\" data-id=\"15fde8d\" data-element_type=\"widget\" data-widget_type=\"divider.default\">\n\t\t\t\t<div class=\"elementor-widget-container\">\n\t\t\t\t\t<div class=\"elementor-divider\">\n\t\t\t<span class=\"elementor-divider-separator\">\n\t\t\t\t\t\t<\/span>\n\t\t<\/div>\n\t\t\t\t<\/div>\n\t\t\t\t<\/div>\n\t\t\t\t<div class=\"elementor-element elementor-element-d1eec46 elementor-widget elementor-widget-heading\" data-id=\"d1eec46\" data-element_type=\"widget\" data-widget_type=\"heading.default\">\n\t\t\t\t<div class=\"elementor-widget-container\">\n\t\t\t<h2 class=\"elementor-heading-title elementor-size-default\">Our customers<\/h2>\t\t<\/div>\n\t\t\t\t<\/div>\n\t\t\t\t\t\t<\/div>\n\t\t\t\t\t<\/div>\n\t\t<\/div>\n\t\t\t\t\t\t\t\t<\/div>\n\t\t\t\t\t<\/div>\n\t\t<\/section>\n\t\t\t\t<section class=\"elementor-section elementor-top-section elementor-element elementor-element-0c4a095 elementor-section-boxed elementor-section-height-default elementor-section-height-default elementor-invisible\" data-id=\"0c4a095\" data-element_type=\"section\" data-settings=\"{&quot;animation&quot;:&quot;fadeInRight&quot;}\">\n\t\t\t\t\t\t<div class=\"elementor-container elementor-column-gap-default\">\n\t\t\t\t\t\t\t<div class=\"elementor-row\">\n\t\t\t\t\t<div class=\"elementor-column elementor-col-100 elementor-top-column elementor-element elementor-element-8a81fc0\" data-id=\"8a81fc0\" data-element_type=\"column\">\n\t\t\t<div class=\"elementor-column-wrap elementor-element-populated\">\n\t\t\t\t\t\t\t<div class=\"elementor-widget-wrap\">\n\t\t\t\t\t\t<div class=\"elementor-element elementor-element-e1bd0ac elementor-arrows-position-inside elementor-pagination-position-outside elementor-widget elementor-widget-image-carousel\" data-id=\"e1bd0ac\" data-element_type=\"widget\" data-settings=\"{&quot;navigation&quot;:&quot;both&quot;,&quot;autoplay&quot;:&quot;yes&quot;,&quot;pause_on_hover&quot;:&quot;yes&quot;,&quot;pause_on_interaction&quot;:&quot;yes&quot;,&quot;autoplay_speed&quot;:5000,&quot;infinite&quot;:&quot;yes&quot;,&quot;speed&quot;:500}\" data-widget_type=\"image-carousel.default\">\n\t\t\t\t<div class=\"elementor-widget-container\">\n\t\t\t\t\t<div class=\"elementor-image-carousel-wrapper swiper-container\" dir=\"ltr\">\n\t\t\t<div class=\"elementor-image-carousel swiper-wrapper\">\n\t\t\t\t<div class=\"swiper-slide\"><figure class=\"swiper-slide-inner\"><img class=\"swiper-slide-image\" src=\"https:\/\/atoutlims.fr\/wp-content\/uploads\/2021\/02\/Logo-SERVIER-e1564735973663-300x153.png\" alt=\"Servier\" \/><figcaption class=\"elementor-image-carousel-caption\">Pharmaceutical industry<\/figcaption><\/figure><\/div><div class=\"swiper-slide\"><figure class=\"swiper-slide-inner\"><img class=\"swiper-slide-image\" src=\"https:\/\/atoutlims.fr\/wp-content\/uploads\/2020\/05\/bayer_logo-300x153.png\" alt=\"Bayer\" \/><figcaption class=\"elementor-image-carousel-caption\">Pharmaceutical industry, chemical industry and agronomy<\/figcaption><\/figure><\/div><div class=\"swiper-slide\"><figure class=\"swiper-slide-inner\"><img class=\"swiper-slide-image\" src=\"https:\/\/atoutlims.fr\/wp-content\/uploads\/2021\/02\/LyondellBasell-Logo-300x153.png\" alt=\"LyondellBasell\" \/><figcaption class=\"elementor-image-carousel-caption\">Manufacture of polymers, fuels and chemicals<\/figcaption><\/figure><\/div><div class=\"swiper-slide\"><figure class=\"swiper-slide-inner\"><img class=\"swiper-slide-image\" src=\"https:\/\/atoutlims.fr\/wp-content\/uploads\/2020\/05\/total_logo-300x153.png\" alt=\"Total\" \/><figcaption class=\"elementor-image-carousel-caption\">Energy industry<\/figcaption><\/figure><\/div><div class=\"swiper-slide\"><figure class=\"swiper-slide-inner\"><img class=\"swiper-slide-image\" src=\"https:\/\/atoutlims.fr\/wp-content\/uploads\/2020\/05\/itk_logo-300x153.png\" alt=\"Intertek\" \/><figcaption class=\"elementor-image-carousel-caption\">Inspection, physical testing and certification company<\/figcaption><\/figure><\/div><div class=\"swiper-slide\"><figure class=\"swiper-slide-inner\"><img class=\"swiper-slide-image\" src=\"https:\/\/atoutlims.fr\/wp-content\/uploads\/2020\/05\/ad_logo-300x153.png\" alt=\"Aubert et Duval\" \/><figcaption class=\"elementor-image-carousel-caption\">Metallurgical industry for aeronautics, energy and medical applications<\/figcaption><\/figure><\/div><div class=\"swiper-slide\"><figure class=\"swiper-slide-inner\"><img class=\"swiper-slide-image\" src=\"https:\/\/atoutlims.fr\/wp-content\/uploads\/2020\/05\/sobegi_logo-300x153.png\" alt=\"Sobegi\" \/><figcaption class=\"elementor-image-carousel-caption\">Energy industry<\/figcaption><\/figure><\/div><div class=\"swiper-slide\"><figure class=\"swiper-slide-inner\"><img class=\"swiper-slide-image\" src=\"https:\/\/atoutlims.fr\/wp-content\/uploads\/2020\/06\/cereco_logo.png\" alt=\"Cereco\" \/><figcaption class=\"elementor-image-carousel-caption\">Agri-food and environmental analysis platforms<\/figcaption><\/figure><\/div><div class=\"swiper-slide\"><figure class=\"swiper-slide-inner\"><img class=\"swiper-slide-image\" src=\"https:\/\/atoutlims.fr\/wp-content\/uploads\/2020\/06\/trane_logo-1-300x153.png\" alt=\"Trane\" \/><figcaption class=\"elementor-image-carousel-caption\">Manufacturer of HVAC systems<\/figcaption><\/figure><\/div>\t\t\t<\/div>\n\t\t\t\t\t\t\t\t\t\t\t\t<div class=\"swiper-pagination\"><\/div>\n\t\t\t\t\t\t\t\t\t\t\t\t\t<div class=\"elementor-swiper-button elementor-swiper-button-prev\">\n\t\t\t\t\t\t<i class=\"eicon-chevron-left\" aria-hidden=\"true\"><\/i>\n\t\t\t\t\t\t<span class=\"elementor-screen-only\">Previous<\/span>\n\t\t\t\t\t<\/div>\n\t\t\t\t\t<div class=\"elementor-swiper-button elementor-swiper-button-next\">\n\t\t\t\t\t\t<i class=\"eicon-chevron-right\" aria-hidden=\"true\"><\/i>\n\t\t\t\t\t\t<span class=\"elementor-screen-only\">Next<\/span>\n\t\t\t\t\t<\/div>\n\t\t\t\t\t\t\t\t\t<\/div>\n\t\t\t\t<\/div>\n\t\t\t\t<\/div>\n\t\t\t\t\t\t<\/div>\n\t\t\t\t\t<\/div>\n\t\t<\/div>\n\t\t\t\t\t\t\t\t<\/div>\n\t\t\t\t\t<\/div>\n\t\t<\/section>\n\t\t\t\t\t\t<\/div>\n\t\t\t\t\t\t<\/div>\n\t\t\t\t\t<\/div>","protected":false},"excerpt":{"rendered":"<p>Nos partenaires ThermoFisher Scientific AtoutLIMS travaille en partenariat avec l&#8217;\u00e9diteur phare dans le monde du LIMS.Nos consultants sont des experts dans la gestion et l&#8217;administration du LIMS SampleManager\u2122 et pourront vous faire b\u00e9n\u00e9ficier de leurs connaissances au cours de notre &hellip;<\/p>\n<p class=\"read-more\"> <a class=\"more-link\" href=\"https:\/\/atoutlims.fr\/en\/nos-clients\/\"> <span class=\"screen-reader-text\">Our partners and customers<\/span> Read More &raquo;<\/a><\/p>","protected":false},"author":1,"featured_media":0,"parent":0,"menu_order":0,"comment_status":"closed","ping_status":"closed","template":"full-width-page.php","meta":[],"yoast_head":"<!-- This site is optimized with the Yoast SEO plugin v16.2 - https:\/\/yoast.com\/wordpress\/plugins\/seo\/ -->\n<title>Nos clients et partenaires - ATOUTLIMS<\/title>\n<meta name=\"description\" content=\"Ces \u00e9diteurs et ces entreprises nous font confiance pour maintenir leur syst\u00e8me et g\u00e9rer leurs projets. Comme eux, choissez AtoutLIMS pour vous accompagner.\" \/>\n<meta name=\"robots\" content=\"index, follow, max-snippet:-1, max-image-preview:large, max-video-preview:-1\" \/>\n<link rel=\"canonical\" href=\"https:\/\/atoutlims.fr\/en\/nos-clients\/\" \/>\n<meta property=\"og:locale\" content=\"en_GB\" \/>\n<meta property=\"og:type\" content=\"article\" \/>\n<meta property=\"og:title\" content=\"Nos clients et partenaires - ATOUTLIMS\" \/>\n<meta property=\"og:description\" content=\"Ces \u00e9diteurs et ces entreprises nous font confiance pour maintenir leur syst\u00e8me et g\u00e9rer leurs projets. Comme eux, choissez AtoutLIMS pour vous accompagner.\" \/>\n<meta property=\"og:url\" content=\"https:\/\/atoutlims.fr\/en\/nos-clients\/\" \/>\n<meta property=\"og:site_name\" content=\"ATOUTLIMS\" \/>\n<meta property=\"article:modified_time\" content=\"2021-02-24T08:24:43+00:00\" \/>\n<meta property=\"og:image\" content=\"https:\/\/atoutlims.fr\/wp-content\/uploads\/2020\/05\/tfs_logo.png\" \/>\n<script type=\"application\/ld+json\" class=\"yoast-schema-graph\">{\"@context\":\"https:\/\/schema.org\",\"@graph\":[{\"@type\":\"Organization\",\"@id\":\"https:\/\/atoutlims.fr\/#organization\",\"name\":\"AtoutLIMS\",\"url\":\"https:\/\/atoutlims.fr\/\",\"sameAs\":[],\"logo\":{\"@type\":\"ImageObject\",\"@id\":\"https:\/\/atoutlims.fr\/#logo\",\"inLanguage\":\"en-GB\",\"url\":\"https:\/\/atoutlims.fr\/wp-content\/uploads\/2020\/05\/ATLlogo_other.png\",\"contentUrl\":\"https:\/\/atoutlims.fr\/wp-content\/uploads\/2020\/05\/ATLlogo_other.png\",\"width\":499,\"height\":291,\"caption\":\"AtoutLIMS\"},\"image\":{\"@id\":\"https:\/\/atoutlims.fr\/#logo\"}},{\"@type\":\"WebSite\",\"@id\":\"https:\/\/atoutlims.fr\/#website\",\"url\":\"https:\/\/atoutlims.fr\/\",\"name\":\"AtoutLIMS\",\"description\":\"Votre \\u00e9quipe pour votre projet informatique de laboratoire\",\"publisher\":{\"@id\":\"https:\/\/atoutlims.fr\/#organization\"},\"potentialAction\":[{\"@type\":\"SearchAction\",\"target\":\"https:\/\/atoutlims.fr\/?s={search_term_string}\",\"query-input\":\"required name=search_term_string\"}],\"inLanguage\":\"en-GB\"},{\"@type\":\"ImageObject\",\"@id\":\"https:\/\/atoutlims.fr\/nos-clients\/#primaryimage\",\"inLanguage\":\"en-GB\",\"url\":\"https:\/\/atoutlims.fr\/wp-content\/uploads\/2020\/05\/tfs_logo.png\",\"contentUrl\":\"https:\/\/atoutlims.fr\/wp-content\/uploads\/2020\/05\/tfs_logo.png\",\"width\":276,\"height\":183},{\"@type\":\"WebPage\",\"@id\":\"https:\/\/atoutlims.fr\/nos-clients\/#webpage\",\"url\":\"https:\/\/atoutlims.fr\/nos-clients\/\",\"name\":\"Nos clients et partenaires - ATOUTLIMS\",\"isPartOf\":{\"@id\":\"https:\/\/atoutlims.fr\/#website\"},\"primaryImageOfPage\":{\"@id\":\"https:\/\/atoutlims.fr\/nos-clients\/#primaryimage\"},\"datePublished\":\"2020-05-19T09:08:03+00:00\",\"dateModified\":\"2021-02-24T08:24:43+00:00\",\"description\":\"Ces \\u00e9diteurs et ces entreprises nous font confiance pour maintenir leur syst\\u00e8me et g\\u00e9rer leurs projets. Comme eux, choissez AtoutLIMS pour vous accompagner.\",\"breadcrumb\":{\"@id\":\"https:\/\/atoutlims.fr\/nos-clients\/#breadcrumb\"},\"inLanguage\":\"en-GB\",\"potentialAction\":[{\"@type\":\"ReadAction\",\"target\":[\"https:\/\/atoutlims.fr\/nos-clients\/\"]}]},{\"@type\":\"BreadcrumbList\",\"@id\":\"https:\/\/atoutlims.fr\/nos-clients\/#breadcrumb\",\"itemListElement\":[{\"@type\":\"ListItem\",\"position\":1,\"item\":{\"@type\":\"WebPage\",\"@id\":\"https:\/\/atoutlims.fr\/\",\"url\":\"https:\/\/atoutlims.fr\/\",\"name\":\"Accueil\"}},{\"@type\":\"ListItem\",\"position\":2,\"item\":{\"@id\":\"https:\/\/atoutlims.fr\/nos-clients\/#webpage\"}}]}]}<\/script>\n<!-- \/ Yoast SEO plugin. -->","_links":{"self":[{"href":"https:\/\/atoutlims.fr\/en\/wp-json\/wp\/v2\/pages\/189"}],"collection":[{"href":"https:\/\/atoutlims.fr\/en\/wp-json\/wp\/v2\/pages"}],"about":[{"href":"https:\/\/atoutlims.fr\/en\/wp-json\/wp\/v2\/types\/page"}],"author":[{"embeddable":true,"href":"https:\/\/atoutlims.fr\/en\/wp-json\/wp\/v2\/users\/1"}],"replies":[{"embeddable":true,"href":"https:\/\/atoutlims.fr\/en\/wp-json\/wp\/v2\/comments?post=189"}],"version-history":[{"count":18,"href":"https:\/\/atoutlims.fr\/en\/wp-json\/wp\/v2\/pages\/189\/revisions"}],"predecessor-version":[{"id":314,"href":"https:\/\/atoutlims.fr\/en\/wp-json\/wp\/v2\/pages\/189\/revisions\/314"}],"wp:attachment":[{"href":"https:\/\/atoutlims.fr\/en\/wp-json\/wp\/v2\/media?parent=189"}],"curies":[{"name":"wp","href":"https:\/\/api.w.org\/{rel}","templated":true}]}}