{"id":199,"date":"2020-05-19T10:31:27","date_gmt":"2020-05-19T09:31:27","guid":{"rendered":"http:\/\/atoutlims.fr\/?page_id=199"},"modified":"2025-10-06T15:28:57","modified_gmt":"2025-10-06T14:28:57","slug":"notre-equipe","status":"publish","type":"page","link":"https:\/\/atoutlims.fr\/en\/notre-equipe\/","title":{"rendered":"Our team"},"content":{"rendered":"<div data-elementor-type=\"wp-page\" data-elementor-id=\"199\" class=\"elementor elementor-199\" data-elementor-settings=\"[]\">\n\t\t\t\t\t\t<div class=\"elementor-inner\">\n\t\t\t\t\t\t\t<div class=\"elementor-section-wrap\">\n\t\t\t\t\t\t\t<section class=\"elementor-section elementor-top-section elementor-element elementor-element-45903a0e elementor-section-boxed elementor-section-height-default elementor-section-height-default\" data-id=\"45903a0e\" data-element_type=\"section\">\n\t\t\t\t\t\t<div class=\"elementor-container elementor-column-gap-default\">\n\t\t\t\t\t\t\t<div class=\"elementor-row\">\n\t\t\t\t\t<div class=\"elementor-column elementor-col-100 elementor-top-column elementor-element elementor-element-b9952d3\" data-id=\"b9952d3\" data-element_type=\"column\">\n\t\t\t<div class=\"elementor-column-wrap elementor-element-populated\">\n\t\t\t\t\t\t\t<div class=\"elementor-widget-wrap\">\n\t\t\t\t\t\t<div class=\"elementor-element elementor-element-33d780a8 elementor-widget elementor-widget-text-editor\" data-id=\"33d780a8\" data-element_type=\"widget\" data-widget_type=\"text-editor.default\">\n\t\t\t\t<div class=\"elementor-widget-container\">\n\t\t\t\t\t\t\t\t<div class=\"elementor-text-editor elementor-clearfix\">\n\t\t\t\t\t<figure><img loading=\"lazy\" src=\"https:\/\/atoutlims.fr\/wp-content\/uploads\/2020\/05\/male-silhouette-as-avatar-profile-picture-picture-id519078727.jpeg\" sizes=\"(max-width: 612px) 100vw, 612px\" srcset=\"https:\/\/atoutlims.fr\/wp-content\/uploads\/2020\/05\/male-silhouette-as-avatar-profile-picture-picture-id519078727.jpeg 612w, https:\/\/atoutlims.fr\/wp-content\/uploads\/2020\/05\/male-silhouette-as-avatar-profile-picture-picture-id519078727-300x300.jpeg 300w, https:\/\/atoutlims.fr\/wp-content\/uploads\/2020\/05\/male-silhouette-as-avatar-profile-picture-picture-id519078727-150x150.jpeg 150w, https:\/\/atoutlims.fr\/wp-content\/uploads\/2020\/05\/male-silhouette-as-avatar-profile-picture-picture-id519078727-100x100.jpeg 100w, https:\/\/atoutlims.fr\/wp-content\/uploads\/2020\/05\/male-silhouette-as-avatar-profile-picture-picture-id519078727-200x200.jpeg 200w, https:\/\/atoutlims.fr\/wp-content\/uploads\/2020\/05\/male-silhouette-as-avatar-profile-picture-picture-id519078727-450x450.jpeg 450w, https:\/\/atoutlims.fr\/wp-content\/uploads\/2020\/05\/male-silhouette-as-avatar-profile-picture-picture-id519078727-600x600.jpeg 600w\" alt=\"\" width=\"612\" height=\"612\" \/><\/figure>\n<h3>Romain Dullieux<\/h3>\n<p>G\u00e9rant et fondateur d&#8217;AtoutLIMS en 2012<br \/>Romain poss\u00e8de plus de 20 ans d&#8217;exp\u00e9rience dans le domaine du LIMS et de l&#8217;informatique de laboratoire.<\/p>\n<p>Il est \u00e9galement expert ORACLE\u2122 et du langage VGL utilis\u00e9 par SampleManager\u2122<\/p>\n<p><a href=\"https:\/\/atoutlims.fr\/wp-content\/uploads\/2020\/05\/Romain-DULLIEUX_uk.pdf\" target=\"_blank\" rel=\"noopener\"><br \/>File-pdf<br \/><\/a><br \/><a href=\"https:\/\/www.linkedin.com\/in\/romain-dullieux-64188b201\/\" target=\"_blank\" rel=\"noopener\"><br \/>Linkedin<br \/><\/a><\/p>\n<figure><img loading=\"lazy\" src=\"https:\/\/atoutlims.fr\/wp-content\/uploads\/2020\/05\/male-silhouette-as-avatar-profile-picture-picture-id519078727.jpeg\" sizes=\"(max-width: 612px) 100vw, 612px\" srcset=\"https:\/\/atoutlims.fr\/wp-content\/uploads\/2020\/05\/male-silhouette-as-avatar-profile-picture-picture-id519078727.jpeg 612w, https:\/\/atoutlims.fr\/wp-content\/uploads\/2020\/05\/male-silhouette-as-avatar-profile-picture-picture-id519078727-300x300.jpeg 300w, https:\/\/atoutlims.fr\/wp-content\/uploads\/2020\/05\/male-silhouette-as-avatar-profile-picture-picture-id519078727-150x150.jpeg 150w, https:\/\/atoutlims.fr\/wp-content\/uploads\/2020\/05\/male-silhouette-as-avatar-profile-picture-picture-id519078727-100x100.jpeg 100w, https:\/\/atoutlims.fr\/wp-content\/uploads\/2020\/05\/male-silhouette-as-avatar-profile-picture-picture-id519078727-200x200.jpeg 200w, https:\/\/atoutlims.fr\/wp-content\/uploads\/2020\/05\/male-silhouette-as-avatar-profile-picture-picture-id519078727-450x450.jpeg 450w, https:\/\/atoutlims.fr\/wp-content\/uploads\/2020\/05\/male-silhouette-as-avatar-profile-picture-picture-id519078727-600x600.jpeg 600w\" alt=\"\" width=\"612\" height=\"612\" \/><\/figure>\n<h3>Cl\u00e9ment Morisset<\/h3>\n<p>Arrived in March 2020, Cl\u00e9ment is a CDS and LIMS consultant.<\/p>\n<p>Son exp\u00e9rience du laboratoire et son cursus en Biologie et en Informatique faciliteront le dialogue entre les experts &#8220;m\u00e9tier&#8221; et &#8220;informatique&#8221;.<\/p>\n<p><a href=\"https:\/\/www.linkedin.com\/in\/cl%C3%A9ment-morisset\/\" target=\"_blank\" rel=\"noopener\" data-wplink-edit=\"true\"><br \/>Linkedin<br \/><\/a><\/p>\n<figure><img loading=\"lazy\" src=\"https:\/\/atoutlims.fr\/wp-content\/uploads\/2020\/05\/male-silhouette-as-avatar-profile-picture-picture-id519078727.jpeg\" sizes=\"(max-width: 612px) 100vw, 612px\" srcset=\"https:\/\/atoutlims.fr\/wp-content\/uploads\/2020\/05\/male-silhouette-as-avatar-profile-picture-picture-id519078727.jpeg 612w, https:\/\/atoutlims.fr\/wp-content\/uploads\/2020\/05\/male-silhouette-as-avatar-profile-picture-picture-id519078727-300x300.jpeg 300w, https:\/\/atoutlims.fr\/wp-content\/uploads\/2020\/05\/male-silhouette-as-avatar-profile-picture-picture-id519078727-150x150.jpeg 150w, https:\/\/atoutlims.fr\/wp-content\/uploads\/2020\/05\/male-silhouette-as-avatar-profile-picture-picture-id519078727-100x100.jpeg 100w, https:\/\/atoutlims.fr\/wp-content\/uploads\/2020\/05\/male-silhouette-as-avatar-profile-picture-picture-id519078727-200x200.jpeg 200w, https:\/\/atoutlims.fr\/wp-content\/uploads\/2020\/05\/male-silhouette-as-avatar-profile-picture-picture-id519078727-450x450.jpeg 450w, https:\/\/atoutlims.fr\/wp-content\/uploads\/2020\/05\/male-silhouette-as-avatar-profile-picture-picture-id519078727-600x600.jpeg 600w\" alt=\"\" width=\"612\" height=\"612\" \/><\/figure>\n<h3>Micka\u00ebl Brun<\/h3>\n<p>Micka\u00ebl a rejoint notre \u00e9quipe en mars 2020 en tant que conseiller juridique. Dipl\u00f4m\u00e9 notaire, il r\u00e9dige les actes et contrats qui concernent l&#8217;entreprise. Il apporte \u00e9galement son expertise juridique pour conseiller et s\u00e9curiser les op\u00e9rations d&#8217;AtoutLIMS.<\/p>\n<p><a href=\"https:\/\/www.linkedin.com\/in\/micka%C3%ABl-brun-11884a239?utm_source=share&amp;utm_campaign=share_via&amp;utm_content=profile&amp;utm_medium=android_app\" target=\"_blank\" rel=\"noopener\">Linkedin<\/a><\/p>\n<h3>Anne-Sophie Grieu<\/h3>\n<div>\n<p><span style=\"mso-fareast-font-family: 'Times New Roman'; color: black;\">Arriv\u00e9e en f\u00e9vrier 2020, en tant qu&#8217;assistante administrative, Anne-Sophie assure la relation clients francophones et anglophones d&#8217;Atoutlims (prospects, devis, suivi de projets)<\/span><\/p>\n<p><span style=\"mso-fareast-font-family: 'Times New Roman'; color: black;\">Elle accomplit \u00e9galement les t\u00e2ches administratives pour le compte de l&#8217;entreprise (t\u00e9l\u00e9phone, mails, organisation agenda)<\/span><\/p>\n<\/div>\n<p>\u00a0<\/p>\n<p><!-- wp:paragraph --><\/p>\n<p><!-- \/wp:paragraph --><\/p>\t\t\t\t\t<\/div>\n\t\t\t\t\t\t<\/div>\n\t\t\t\t<\/div>\n\t\t\t\t\t\t<\/div>\n\t\t\t\t\t<\/div>\n\t\t<\/div>\n\t\t\t\t\t\t\t\t<\/div>\n\t\t\t\t\t<\/div>\n\t\t<\/section>\n\t\t\t\t\t\t<\/div>\n\t\t\t\t\t\t<\/div>\n\t\t\t\t\t<\/div>","protected":false},"excerpt":{"rendered":"<p>Romain Dullieux G\u00e9rant et fondateur d&#8217;AtoutLIMS en 2012Romain poss\u00e8de plus de 20 ans d&#8217;exp\u00e9rience dans le domaine du LIMS et de l&#8217;informatique de laboratoire. Il est \u00e9galement expert ORACLE\u2122 et du langage VGL utilis\u00e9 par SampleManager\u2122 File-pdfLinkedin Cl\u00e9ment Morisset Arriv\u00e9 &hellip;<\/p>\n<p class=\"read-more\"> <a class=\"more-link\" href=\"https:\/\/atoutlims.fr\/en\/notre-equipe\/\"> <span class=\"screen-reader-text\">Our team<\/span> Read More &raquo;<\/a><\/p>","protected":false},"author":1,"featured_media":0,"parent":0,"menu_order":0,"comment_status":"closed","ping_status":"closed","template":"","meta":[],"yoast_head":"<!-- This site is optimized with the Yoast SEO plugin v16.2 - https:\/\/yoast.com\/wordpress\/plugins\/seo\/ -->\n<title>Notre \u00e9quipe - ATOUTLIMS<\/title>\n<meta name=\"robots\" content=\"index, follow, max-snippet:-1, max-image-preview:large, max-video-preview:-1\" \/>\n<link rel=\"canonical\" href=\"https:\/\/atoutlims.fr\/en\/notre-equipe\/\" \/>\n<meta property=\"og:locale\" content=\"en_GB\" \/>\n<meta property=\"og:type\" content=\"article\" \/>\n<meta property=\"og:title\" content=\"Notre \u00e9quipe - ATOUTLIMS\" \/>\n<meta property=\"og:description\" content=\"Romain Dullieux G\u00e9rant et fondateur d&#8217;AtoutLIMS en 2012Romain poss\u00e8de plus de 20 ans d&#8217;exp\u00e9rience dans le domaine du LIMS et de l&#8217;informatique de laboratoire. Il est \u00e9galement expert ORACLE\u2122 et du langage VGL utilis\u00e9 par SampleManager\u2122 File-pdfLinkedin Cl\u00e9ment Morisset Arriv\u00e9 &hellip; Notre \u00e9quipe Read More &raquo;\" \/>\n<meta property=\"og:url\" content=\"https:\/\/atoutlims.fr\/en\/notre-equipe\/\" \/>\n<meta property=\"og:site_name\" content=\"ATOUTLIMS\" \/>\n<meta property=\"article:modified_time\" content=\"2025-10-06T14:28:57+00:00\" \/>\n<meta property=\"og:image\" content=\"https:\/\/atoutlims.fr\/wp-content\/uploads\/2020\/05\/male-silhouette-as-avatar-profile-picture-picture-id519078727.jpeg\" \/>\n<meta name=\"twitter:label1\" content=\"Estimated reading time\">\n\t<meta name=\"twitter:data1\" content=\"2 minutes\">\n<script type=\"application\/ld+json\" class=\"yoast-schema-graph\">{\"@context\":\"https:\/\/schema.org\",\"@graph\":[{\"@type\":\"Organization\",\"@id\":\"https:\/\/atoutlims.fr\/#organization\",\"name\":\"AtoutLIMS\",\"url\":\"https:\/\/atoutlims.fr\/\",\"sameAs\":[],\"logo\":{\"@type\":\"ImageObject\",\"@id\":\"https:\/\/atoutlims.fr\/#logo\",\"inLanguage\":\"en-GB\",\"url\":\"https:\/\/atoutlims.fr\/wp-content\/uploads\/2020\/05\/ATLlogo_other.png\",\"contentUrl\":\"https:\/\/atoutlims.fr\/wp-content\/uploads\/2020\/05\/ATLlogo_other.png\",\"width\":499,\"height\":291,\"caption\":\"AtoutLIMS\"},\"image\":{\"@id\":\"https:\/\/atoutlims.fr\/#logo\"}},{\"@type\":\"WebSite\",\"@id\":\"https:\/\/atoutlims.fr\/#website\",\"url\":\"https:\/\/atoutlims.fr\/\",\"name\":\"AtoutLIMS\",\"description\":\"Votre \\u00e9quipe pour votre projet informatique de laboratoire\",\"publisher\":{\"@id\":\"https:\/\/atoutlims.fr\/#organization\"},\"potentialAction\":[{\"@type\":\"SearchAction\",\"target\":\"https:\/\/atoutlims.fr\/?s={search_term_string}\",\"query-input\":\"required name=search_term_string\"}],\"inLanguage\":\"en-GB\"},{\"@type\":\"ImageObject\",\"@id\":\"https:\/\/atoutlims.fr\/notre-equipe\/#primaryimage\",\"inLanguage\":\"en-GB\",\"url\":\"https:\/\/atoutlims.fr\/wp-content\/uploads\/2020\/05\/male-silhouette-as-avatar-profile-picture-picture-id519078727.jpeg\",\"contentUrl\":\"https:\/\/atoutlims.fr\/wp-content\/uploads\/2020\/05\/male-silhouette-as-avatar-profile-picture-picture-id519078727.jpeg\",\"width\":612,\"height\":612},{\"@type\":\"WebPage\",\"@id\":\"https:\/\/atoutlims.fr\/notre-equipe\/#webpage\",\"url\":\"https:\/\/atoutlims.fr\/notre-equipe\/\",\"name\":\"Notre \\u00e9quipe - ATOUTLIMS\",\"isPartOf\":{\"@id\":\"https:\/\/atoutlims.fr\/#website\"},\"primaryImageOfPage\":{\"@id\":\"https:\/\/atoutlims.fr\/notre-equipe\/#primaryimage\"},\"datePublished\":\"2020-05-19T09:31:27+00:00\",\"dateModified\":\"2025-10-06T14:28:57+00:00\",\"breadcrumb\":{\"@id\":\"https:\/\/atoutlims.fr\/notre-equipe\/#breadcrumb\"},\"inLanguage\":\"en-GB\",\"potentialAction\":[{\"@type\":\"ReadAction\",\"target\":[\"https:\/\/atoutlims.fr\/notre-equipe\/\"]}]},{\"@type\":\"BreadcrumbList\",\"@id\":\"https:\/\/atoutlims.fr\/notre-equipe\/#breadcrumb\",\"itemListElement\":[{\"@type\":\"ListItem\",\"position\":1,\"item\":{\"@type\":\"WebPage\",\"@id\":\"https:\/\/atoutlims.fr\/\",\"url\":\"https:\/\/atoutlims.fr\/\",\"name\":\"Accueil\"}},{\"@type\":\"ListItem\",\"position\":2,\"item\":{\"@id\":\"https:\/\/atoutlims.fr\/notre-equipe\/#webpage\"}}]}]}<\/script>\n<!-- \/ Yoast SEO plugin. -->","_links":{"self":[{"href":"https:\/\/atoutlims.fr\/en\/wp-json\/wp\/v2\/pages\/199"}],"collection":[{"href":"https:\/\/atoutlims.fr\/en\/wp-json\/wp\/v2\/pages"}],"about":[{"href":"https:\/\/atoutlims.fr\/en\/wp-json\/wp\/v2\/types\/page"}],"author":[{"embeddable":true,"href":"https:\/\/atoutlims.fr\/en\/wp-json\/wp\/v2\/users\/1"}],"replies":[{"embeddable":true,"href":"https:\/\/atoutlims.fr\/en\/wp-json\/wp\/v2\/comments?post=199"}],"version-history":[{"count":37,"href":"https:\/\/atoutlims.fr\/en\/wp-json\/wp\/v2\/pages\/199\/revisions"}],"predecessor-version":[{"id":327,"href":"https:\/\/atoutlims.fr\/en\/wp-json\/wp\/v2\/pages\/199\/revisions\/327"}],"wp:attachment":[{"href":"https:\/\/atoutlims.fr\/en\/wp-json\/wp\/v2\/media?parent=199"}],"curies":[{"name":"wp","href":"https:\/\/api.w.org\/{rel}","templated":true}]}}