{"id":253,"date":"2020-06-11T08:04:55","date_gmt":"2020-06-11T07:04:55","guid":{"rendered":"https:\/\/atoutlims.fr\/?page_id=253"},"modified":"2020-06-11T08:45:14","modified_gmt":"2020-06-11T07:45:14","slug":"limsweb","status":"publish","type":"page","link":"https:\/\/atoutlims.fr\/en\/limsweb\/","title":{"rendered":"LIMSWeb"},"content":{"rendered":"<div data-elementor-type=\"wp-page\" data-elementor-id=\"253\" class=\"elementor elementor-253\" data-elementor-settings=\"[]\">\n\t\t\t\t\t\t<div class=\"elementor-inner\">\n\t\t\t\t\t\t\t<div class=\"elementor-section-wrap\">\n\t\t\t\t\t\t\t<section class=\"elementor-section elementor-top-section elementor-element elementor-element-57a5e34 elementor-section-boxed elementor-section-height-default elementor-section-height-default\" data-id=\"57a5e34\" data-element_type=\"section\">\n\t\t\t\t\t\t<div class=\"elementor-container elementor-column-gap-default\">\n\t\t\t\t\t\t\t<div class=\"elementor-row\">\n\t\t\t\t\t<div class=\"elementor-column elementor-col-100 elementor-top-column elementor-element elementor-element-e50f7b7\" data-id=\"e50f7b7\" data-element_type=\"column\">\n\t\t\t<div class=\"elementor-column-wrap\">\n\t\t\t\t\t\t\t<div class=\"elementor-widget-wrap\">\n\t\t\t\t\t\t\t\t<\/div>\n\t\t\t\t\t<\/div>\n\t\t<\/div>\n\t\t\t\t\t\t\t\t<\/div>\n\t\t\t\t\t<\/div>\n\t\t<\/section>\n\t\t\t\t<section class=\"elementor-section elementor-top-section elementor-element elementor-element-2f50248c elementor-section-content-middle elementor-section-boxed elementor-section-height-default elementor-section-height-default\" data-id=\"2f50248c\" data-element_type=\"section\">\n\t\t\t\t\t\t<div class=\"elementor-container elementor-column-gap-no\">\n\t\t\t\t\t\t\t<div class=\"elementor-row\">\n\t\t\t\t\t<div class=\"elementor-column elementor-col-100 elementor-top-column elementor-element elementor-element-67503a36\" data-id=\"67503a36\" data-element_type=\"column\">\n\t\t\t<div class=\"elementor-column-wrap elementor-element-populated\">\n\t\t\t\t\t\t\t<div class=\"elementor-widget-wrap\">\n\t\t\t\t\t\t<div class=\"elementor-element elementor-element-5551361 elementor-widget elementor-widget-heading\" data-id=\"5551361\" data-element_type=\"widget\" data-widget_type=\"heading.default\">\n\t\t\t\t<div class=\"elementor-widget-container\">\n\t\t\t<h2 class=\"elementor-heading-title elementor-size-xl\">Requesting analysis and sending results has never been that easy<\/h2>\t\t<\/div>\n\t\t\t\t<\/div>\n\t\t\t\t<div class=\"elementor-element elementor-element-8c586ec elementor-widget elementor-widget-image\" data-id=\"8c586ec\" data-element_type=\"widget\" data-widget_type=\"image.default\">\n\t\t\t\t<div class=\"elementor-widget-container\">\n\t\t\t\t\t\t\t\t<div class=\"elementor-image\">\n\t\t\t\t\t\t\t\t\t\t\t\t<img width=\"605\" height=\"117\" src=\"https:\/\/atoutlims.fr\/wp-content\/uploads\/2020\/06\/LIMSweb_logo.png\" class=\"attachment-large size-large\" alt=\"\" loading=\"lazy\" srcset=\"https:\/\/atoutlims.fr\/wp-content\/uploads\/2020\/06\/LIMSweb_logo.png 889w, https:\/\/atoutlims.fr\/wp-content\/uploads\/2020\/06\/LIMSweb_logo-300x58.png 300w, https:\/\/atoutlims.fr\/wp-content\/uploads\/2020\/06\/LIMSweb_logo-768x149.png 768w, https:\/\/atoutlims.fr\/wp-content\/uploads\/2020\/06\/LIMSweb_logo-100x19.png 100w, https:\/\/atoutlims.fr\/wp-content\/uploads\/2020\/06\/LIMSweb_logo-150x29.png 150w, https:\/\/atoutlims.fr\/wp-content\/uploads\/2020\/06\/LIMSweb_logo-200x39.png 200w, https:\/\/atoutlims.fr\/wp-content\/uploads\/2020\/06\/LIMSweb_logo-450x87.png 450w, https:\/\/atoutlims.fr\/wp-content\/uploads\/2020\/06\/LIMSweb_logo-600x116.png 600w\" sizes=\"(max-width: 605px) 100vw, 605px\" \/>\t\t\t\t\t\t\t\t\t\t\t\t\t\t<\/div>\n\t\t\t\t\t\t<\/div>\n\t\t\t\t<\/div>\n\t\t\t\t<div class=\"elementor-element elementor-element-180815f elementor-widget-divider--view-line elementor-widget elementor-widget-divider\" data-id=\"180815f\" data-element_type=\"widget\" data-widget_type=\"divider.default\">\n\t\t\t\t<div class=\"elementor-widget-container\">\n\t\t\t\t\t<div class=\"elementor-divider\">\n\t\t\t<span class=\"elementor-divider-separator\">\n\t\t\t\t\t\t<\/span>\n\t\t<\/div>\n\t\t\t\t<\/div>\n\t\t\t\t<\/div>\n\t\t\t\t<div class=\"elementor-element elementor-element-fed223a elementor-widget elementor-widget-heading\" data-id=\"fed223a\" data-element_type=\"widget\" data-widget_type=\"heading.default\">\n\t\t\t\t<div class=\"elementor-widget-container\">\n\t\t\t<h2 class=\"elementor-heading-title elementor-size-default\">What is LIMSWeb?<\/h2>\t\t<\/div>\n\t\t\t\t<\/div>\n\t\t\t\t<div class=\"elementor-element elementor-element-f3aca8b elementor-widget elementor-widget-text-editor\" data-id=\"f3aca8b\" data-element_type=\"widget\" data-widget_type=\"text-editor.default\">\n\t\t\t\t<div class=\"elementor-widget-container\">\n\t\t\t\t\t\t\t\t<div class=\"elementor-text-editor elementor-clearfix\">\n\t\t\t\t\t<p style=\"text-align: center;\">LIMSWeb is a secured platform available online allowing your clients to consult their results and quickly make new analysis requests.<\/p><p style=\"text-align: center;\">This application makes the communication between your lab and yours customers way quicker. <br \/>Especially useful in service laboratories, the tool also integrates perfectly in an internal use.<\/p>\t\t\t\t\t<\/div>\n\t\t\t\t\t\t<\/div>\n\t\t\t\t<\/div>\n\t\t\t\t<div class=\"elementor-element elementor-element-9d0219a elementor-widget-divider--view-line elementor-widget elementor-widget-divider\" data-id=\"9d0219a\" data-element_type=\"widget\" data-widget_type=\"divider.default\">\n\t\t\t\t<div class=\"elementor-widget-container\">\n\t\t\t\t\t<div class=\"elementor-divider\">\n\t\t\t<span class=\"elementor-divider-separator\">\n\t\t\t\t\t\t<\/span>\n\t\t<\/div>\n\t\t\t\t<\/div>\n\t\t\t\t<\/div>\n\t\t\t\t<div class=\"elementor-element elementor-element-c1e7835 elementor-widget elementor-widget-heading\" data-id=\"c1e7835\" data-element_type=\"widget\" data-widget_type=\"heading.default\">\n\t\t\t\t<div class=\"elementor-widget-container\">\n\t\t\t<h2 class=\"elementor-heading-title elementor-size-default\">LIMSWeb features overview<\/h2>\t\t<\/div>\n\t\t\t\t<\/div>\n\t\t\t\t<div class=\"elementor-element elementor-element-446581e elementor-arrows-position-inside elementor-pagination-position-outside elementor-widget elementor-widget-image-carousel\" data-id=\"446581e\" data-element_type=\"widget\" data-settings=\"{&quot;slides_to_show&quot;:&quot;1&quot;,&quot;navigation&quot;:&quot;both&quot;,&quot;autoplay&quot;:&quot;yes&quot;,&quot;pause_on_hover&quot;:&quot;yes&quot;,&quot;pause_on_interaction&quot;:&quot;yes&quot;,&quot;autoplay_speed&quot;:5000,&quot;infinite&quot;:&quot;yes&quot;,&quot;effect&quot;:&quot;slide&quot;,&quot;speed&quot;:500}\" data-widget_type=\"image-carousel.default\">\n\t\t\t\t<div class=\"elementor-widget-container\">\n\t\t\t\t\t<div class=\"elementor-image-carousel-wrapper swiper-container\" dir=\"ltr\">\n\t\t\t<div class=\"elementor-image-carousel swiper-wrapper\">\n\t\t\t\t<div class=\"swiper-slide\"><figure class=\"swiper-slide-inner\"><img class=\"swiper-slide-image\" src=\"https:\/\/atoutlims.fr\/wp-content\/uploads\/2020\/06\/login-1024x671.png\" alt=\"Exemple d&#039;une page de connexion s\u00e9curis\u00e9e\" \/><figcaption class=\"elementor-image-carousel-caption\">An example of a secured login page<\/figcaption><\/figure><\/div><div class=\"swiper-slide\"><figure class=\"swiper-slide-inner\"><img class=\"swiper-slide-image\" src=\"https:\/\/atoutlims.fr\/wp-content\/uploads\/2020\/06\/reports-1024x636.png\" alt=\"Visualisation de d&#039;analyses termin\u00e9es et en cours. Possibilit\u00e9 de t\u00e9l\u00e9charger des rapports\" \/><figcaption class=\"elementor-image-carousel-caption\">Displaying in progress and finished analysis. It is possible to download reports directly on the platform.<\/figcaption><\/figure><\/div><div class=\"swiper-slide\"><figure class=\"swiper-slide-inner\"><img class=\"swiper-slide-image\" src=\"https:\/\/atoutlims.fr\/wp-content\/uploads\/2020\/06\/last_samples_printing-1024x530.png\" alt=\"Visualisation des \u00e9chantillons envoy\u00e9s au laboratoire\" \/><figcaption class=\"elementor-image-carousel-caption\">Displaying samples which have been sent to the laboratory<\/figcaption><\/figure><\/div><div class=\"swiper-slide\"><figure class=\"swiper-slide-inner\"><img class=\"swiper-slide-image\" src=\"https:\/\/atoutlims.fr\/wp-content\/uploads\/2020\/06\/results-1024x607.png\" alt=\"Visualisation de r\u00e9sultats d&#039;analyse directement en ligne\" \/><figcaption class=\"elementor-image-carousel-caption\">Analysis results can be displayed online<\/figcaption><\/figure><\/div><div class=\"swiper-slide\"><figure class=\"swiper-slide-inner\"><img class=\"swiper-slide-image\" src=\"https:\/\/atoutlims.fr\/wp-content\/uploads\/2020\/06\/search_export-1024x500.png\" alt=\"Possibilit\u00e9 d&#039;exporter directement vos r\u00e9sultats au format Excel\" \/><figcaption class=\"elementor-image-carousel-caption\">It is also possible to export analysis results in Excel format (.xlsx)<\/figcaption><\/figure><\/div><div class=\"swiper-slide\"><figure class=\"swiper-slide-inner\"><img class=\"swiper-slide-image\" src=\"https:\/\/atoutlims.fr\/wp-content\/uploads\/2020\/06\/analysis.png\" alt=\"S\u00e9lection des analyses a effectuer par le client\" \/><figcaption class=\"elementor-image-carousel-caption\">A customer selecting analysis for a future request<\/figcaption><\/figure><\/div>\t\t\t<\/div>\n\t\t\t\t\t\t\t\t\t\t\t\t<div class=\"swiper-pagination\"><\/div>\n\t\t\t\t\t\t\t\t\t\t\t\t\t<div class=\"elementor-swiper-button elementor-swiper-button-prev\">\n\t\t\t\t\t\t<i class=\"eicon-chevron-left\" aria-hidden=\"true\"><\/i>\n\t\t\t\t\t\t<span class=\"elementor-screen-only\">Previous<\/span>\n\t\t\t\t\t<\/div>\n\t\t\t\t\t<div class=\"elementor-swiper-button elementor-swiper-button-next\">\n\t\t\t\t\t\t<i class=\"eicon-chevron-right\" aria-hidden=\"true\"><\/i>\n\t\t\t\t\t\t<span class=\"elementor-screen-only\">Next<\/span>\n\t\t\t\t\t<\/div>\n\t\t\t\t\t\t\t\t\t<\/div>\n\t\t\t\t<\/div>\n\t\t\t\t<\/div>\n\t\t\t\t<div class=\"elementor-element elementor-element-0d90757 elementor-widget-divider--view-line elementor-widget elementor-widget-divider\" data-id=\"0d90757\" data-element_type=\"widget\" data-widget_type=\"divider.default\">\n\t\t\t\t<div class=\"elementor-widget-container\">\n\t\t\t\t\t<div class=\"elementor-divider\">\n\t\t\t<span class=\"elementor-divider-separator\">\n\t\t\t\t\t\t<\/span>\n\t\t<\/div>\n\t\t\t\t<\/div>\n\t\t\t\t<\/div>\n\t\t\t\t<section class=\"elementor-section elementor-inner-section elementor-element elementor-element-281464ea elementor-section-content-space-between elementor-section-boxed elementor-section-height-default elementor-section-height-default\" data-id=\"281464ea\" data-element_type=\"section\">\n\t\t\t\t\t\t<div class=\"elementor-container elementor-column-gap-narrow\">\n\t\t\t\t\t\t\t<div class=\"elementor-row\">\n\t\t\t\t\t<div class=\"elementor-column elementor-col-33 elementor-inner-column elementor-element elementor-element-6a26ad1\" data-id=\"6a26ad1\" data-element_type=\"column\">\n\t\t\t<div class=\"elementor-column-wrap elementor-element-populated\">\n\t\t\t\t\t\t\t<div class=\"elementor-widget-wrap\">\n\t\t\t\t\t\t<div class=\"elementor-element elementor-element-497f1e36 elementor-widget elementor-widget-heading\" data-id=\"497f1e36\" data-element_type=\"widget\" data-widget_type=\"heading.default\">\n\t\t\t\t<div class=\"elementor-widget-container\">\n\t\t\t<h3 class=\"elementor-heading-title elementor-size-default\">A secured tool<\/h3>\t\t<\/div>\n\t\t\t\t<\/div>\n\t\t\t\t<div class=\"elementor-element elementor-element-1df776f0 elementor-widget elementor-widget-text-editor\" data-id=\"1df776f0\" data-element_type=\"widget\" data-widget_type=\"text-editor.default\">\n\t\t\t\t<div class=\"elementor-widget-container\">\n\t\t\t\t\t\t\t\t<div class=\"elementor-text-editor elementor-clearfix\">\n\t\t\t\t\t<p>Your customers' data and your own is valuable.<\/p><p>That's why your customers only have access to data about themselves.<\/p><p>A secure connection assures you against malevolence.<\/p>\t\t\t\t\t<\/div>\n\t\t\t\t\t\t<\/div>\n\t\t\t\t<\/div>\n\t\t\t\t<div class=\"elementor-element elementor-element-a6a80f4 elementor-widget elementor-widget-image\" data-id=\"a6a80f4\" data-element_type=\"widget\" data-widget_type=\"image.default\">\n\t\t\t\t<div class=\"elementor-widget-container\">\n\t\t\t\t\t\t\t\t<div class=\"elementor-image\">\n\t\t\t\t\t\t\t\t\t\t\t\t<img width=\"605\" height=\"404\" src=\"https:\/\/atoutlims.fr\/wp-content\/uploads\/2020\/06\/security-265130_1920-1024x683.jpg\" class=\"attachment-large size-large\" alt=\"\" loading=\"lazy\" srcset=\"https:\/\/atoutlims.fr\/wp-content\/uploads\/2020\/06\/security-265130_1920-1024x683.jpg 1024w, https:\/\/atoutlims.fr\/wp-content\/uploads\/2020\/06\/security-265130_1920-300x200.jpg 300w, https:\/\/atoutlims.fr\/wp-content\/uploads\/2020\/06\/security-265130_1920-768x512.jpg 768w, https:\/\/atoutlims.fr\/wp-content\/uploads\/2020\/06\/security-265130_1920-1536x1024.jpg 1536w, https:\/\/atoutlims.fr\/wp-content\/uploads\/2020\/06\/security-265130_1920-100x67.jpg 100w, https:\/\/atoutlims.fr\/wp-content\/uploads\/2020\/06\/security-265130_1920-150x100.jpg 150w, https:\/\/atoutlims.fr\/wp-content\/uploads\/2020\/06\/security-265130_1920-200x133.jpg 200w, https:\/\/atoutlims.fr\/wp-content\/uploads\/2020\/06\/security-265130_1920-450x300.jpg 450w, https:\/\/atoutlims.fr\/wp-content\/uploads\/2020\/06\/security-265130_1920-600x400.jpg 600w, https:\/\/atoutlims.fr\/wp-content\/uploads\/2020\/06\/security-265130_1920-900x600.jpg 900w, https:\/\/atoutlims.fr\/wp-content\/uploads\/2020\/06\/security-265130_1920.jpg 1920w\" sizes=\"(max-width: 605px) 100vw, 605px\" \/>\t\t\t\t\t\t\t\t\t\t\t\t\t\t<\/div>\n\t\t\t\t\t\t<\/div>\n\t\t\t\t<\/div>\n\t\t\t\t\t\t<\/div>\n\t\t\t\t\t<\/div>\n\t\t<\/div>\n\t\t\t\t<div class=\"elementor-column elementor-col-33 elementor-inner-column elementor-element elementor-element-5a00ec18\" data-id=\"5a00ec18\" data-element_type=\"column\">\n\t\t\t<div class=\"elementor-column-wrap elementor-element-populated\">\n\t\t\t\t\t\t\t<div class=\"elementor-widget-wrap\">\n\t\t\t\t\t\t<div class=\"elementor-element elementor-element-a47077f elementor-widget elementor-widget-image\" data-id=\"a47077f\" data-element_type=\"widget\" data-widget_type=\"image.default\">\n\t\t\t\t<div class=\"elementor-widget-container\">\n\t\t\t\t\t\t\t\t<div class=\"elementor-image\">\n\t\t\t\t\t\t\t\t\t\t\t\t<img width=\"340\" height=\"177\" src=\"https:\/\/atoutlims.fr\/wp-content\/uploads\/2020\/06\/\u00e9change_icon.png\" class=\"attachment-large size-large\" alt=\"\" loading=\"lazy\" srcset=\"https:\/\/atoutlims.fr\/wp-content\/uploads\/2020\/06\/\u00e9change_icon.png 340w, https:\/\/atoutlims.fr\/wp-content\/uploads\/2020\/06\/\u00e9change_icon-300x156.png 300w, https:\/\/atoutlims.fr\/wp-content\/uploads\/2020\/06\/\u00e9change_icon-100x52.png 100w, https:\/\/atoutlims.fr\/wp-content\/uploads\/2020\/06\/\u00e9change_icon-150x78.png 150w, https:\/\/atoutlims.fr\/wp-content\/uploads\/2020\/06\/\u00e9change_icon-200x104.png 200w\" sizes=\"(max-width: 340px) 100vw, 340px\" \/>\t\t\t\t\t\t\t\t\t\t\t\t\t\t<\/div>\n\t\t\t\t\t\t<\/div>\n\t\t\t\t<\/div>\n\t\t\t\t<div class=\"elementor-element elementor-element-1fd8a4 elementor-widget elementor-widget-heading\" data-id=\"1fd8a4\" data-element_type=\"widget\" data-widget_type=\"heading.default\">\n\t\t\t\t<div class=\"elementor-widget-container\">\n\t\t\t<h3 class=\"elementor-heading-title elementor-size-default\">A comfortable solution for your clients<\/h3>\t\t<\/div>\n\t\t\t\t<\/div>\n\t\t\t\t<div class=\"elementor-element elementor-element-15442e00 elementor-widget elementor-widget-text-editor\" data-id=\"15442e00\" data-element_type=\"widget\" data-widget_type=\"text-editor.default\">\n\t\t\t\t<div class=\"elementor-widget-container\">\n\t\t\t\t\t\t\t\t<div class=\"elementor-text-editor elementor-clearfix\">\n\t\t\t\t\t<p>LIMSWeb allows your clients to consult their results online and quickly make new analysis requests.<\/p><p>The dialogue between the laboratory and the outside world is greatly accelerated.<\/p>\t\t\t\t\t<\/div>\n\t\t\t\t\t\t<\/div>\n\t\t\t\t<\/div>\n\t\t\t\t\t\t<\/div>\n\t\t\t\t\t<\/div>\n\t\t<\/div>\n\t\t\t\t<div class=\"elementor-column elementor-col-33 elementor-inner-column elementor-element elementor-element-4373c810\" data-id=\"4373c810\" data-element_type=\"column\">\n\t\t\t<div class=\"elementor-column-wrap elementor-element-populated\">\n\t\t\t\t\t\t\t<div class=\"elementor-widget-wrap\">\n\t\t\t\t\t\t<div class=\"elementor-element elementor-element-430c58a7 elementor-widget elementor-widget-heading\" data-id=\"430c58a7\" data-element_type=\"widget\" data-widget_type=\"heading.default\">\n\t\t\t\t<div class=\"elementor-widget-container\">\n\t\t\t<h3 class=\"elementor-heading-title elementor-size-default\">An adaptable user interface<\/h3>\t\t<\/div>\n\t\t\t\t<\/div>\n\t\t\t\t<div class=\"elementor-element elementor-element-37428fa1 elementor-widget elementor-widget-text-editor\" data-id=\"37428fa1\" data-element_type=\"widget\" data-widget_type=\"text-editor.default\">\n\t\t\t\t<div class=\"elementor-widget-container\">\n\t\t\t\t\t\t\t\t<div class=\"elementor-text-editor elementor-clearfix\">\n\t\t\t\t\t<p>Are you proud of your colors? LIMSWeb's interface is customizable to match your graphic charter and identity.<\/p>\t\t\t\t\t<\/div>\n\t\t\t\t\t\t<\/div>\n\t\t\t\t<\/div>\n\t\t\t\t<div class=\"elementor-element elementor-element-da6715b elementor-widget elementor-widget-image\" data-id=\"da6715b\" data-element_type=\"widget\" data-widget_type=\"image.default\">\n\t\t\t\t<div class=\"elementor-widget-container\">\n\t\t\t\t\t\t\t\t<div class=\"elementor-image\">\n\t\t\t\t\t\t\t\t\t\t\t\t<img width=\"605\" height=\"404\" src=\"https:\/\/atoutlims.fr\/wp-content\/uploads\/2020\/06\/harpal-singh-_zKxPsGOGKg-unsplash-1024x683.jpg\" class=\"attachment-large size-large\" alt=\"\" loading=\"lazy\" srcset=\"https:\/\/atoutlims.fr\/wp-content\/uploads\/2020\/06\/harpal-singh-_zKxPsGOGKg-unsplash-1024x683.jpg 1024w, https:\/\/atoutlims.fr\/wp-content\/uploads\/2020\/06\/harpal-singh-_zKxPsGOGKg-unsplash-300x200.jpg 300w, https:\/\/atoutlims.fr\/wp-content\/uploads\/2020\/06\/harpal-singh-_zKxPsGOGKg-unsplash-768x512.jpg 768w, https:\/\/atoutlims.fr\/wp-content\/uploads\/2020\/06\/harpal-singh-_zKxPsGOGKg-unsplash-1536x1024.jpg 1536w, https:\/\/atoutlims.fr\/wp-content\/uploads\/2020\/06\/harpal-singh-_zKxPsGOGKg-unsplash-2048x1365.jpg 2048w, https:\/\/atoutlims.fr\/wp-content\/uploads\/2020\/06\/harpal-singh-_zKxPsGOGKg-unsplash-100x67.jpg 100w, https:\/\/atoutlims.fr\/wp-content\/uploads\/2020\/06\/harpal-singh-_zKxPsGOGKg-unsplash-150x100.jpg 150w, https:\/\/atoutlims.fr\/wp-content\/uploads\/2020\/06\/harpal-singh-_zKxPsGOGKg-unsplash-200x133.jpg 200w, https:\/\/atoutlims.fr\/wp-content\/uploads\/2020\/06\/harpal-singh-_zKxPsGOGKg-unsplash-450x300.jpg 450w, https:\/\/atoutlims.fr\/wp-content\/uploads\/2020\/06\/harpal-singh-_zKxPsGOGKg-unsplash-600x400.jpg 600w, https:\/\/atoutlims.fr\/wp-content\/uploads\/2020\/06\/harpal-singh-_zKxPsGOGKg-unsplash-900x600.jpg 900w\" sizes=\"(max-width: 605px) 100vw, 605px\" \/>\t\t\t\t\t\t\t\t\t\t\t\t\t\t<\/div>\n\t\t\t\t\t\t<\/div>\n\t\t\t\t<\/div>\n\t\t\t\t\t\t<\/div>\n\t\t\t\t\t<\/div>\n\t\t<\/div>\n\t\t\t\t\t\t\t\t<\/div>\n\t\t\t\t\t<\/div>\n\t\t<\/section>\n\t\t\t\t\t\t<\/div>\n\t\t\t\t\t<\/div>\n\t\t<\/div>\n\t\t\t\t\t\t\t\t<\/div>\n\t\t\t\t\t<\/div>\n\t\t<\/section>\n\t\t\t\t\t\t<\/div>\n\t\t\t\t\t\t<\/div>\n\t\t\t\t\t<\/div>","protected":false},"excerpt":{"rendered":"<p>Les demandes d&#8217;analyse et la transmission de r\u00e9sultats n&#8217;ont jamais \u00e9t\u00e9 aussi simples Qu&#8217;est ce que LIMSWeb? LIMSWeb est une plateforme s\u00e9curis\u00e9e disponible en ligne permettant \u00e0 vos clients de consulter leurs r\u00e9sultats et d&#8217;effectuer rapidement de nouvelles demandes d&#8217;analyse. &hellip;<\/p>\n<p class=\"read-more\"> <a class=\"more-link\" href=\"https:\/\/atoutlims.fr\/en\/limsweb\/\"> <span class=\"screen-reader-text\">LIMSWeb<\/span> Read More &raquo;<\/a><\/p>","protected":false},"author":1,"featured_media":0,"parent":0,"menu_order":0,"comment_status":"closed","ping_status":"closed","template":"full-width-page.php","meta":[],"yoast_head":"<!-- This site is optimized with the Yoast SEO plugin v16.2 - https:\/\/yoast.com\/wordpress\/plugins\/seo\/ -->\n<title>LIMSWeb - ATOUTLIMS<\/title>\n<meta name=\"description\" content=\"LimsWeb facilite les demandes d&#039;analyses de vos clients et leur permet de r\u00e9cup\u00e9rer leurs r\u00e9sultats et leurs rapports d&#039;analyse en ligne en toute s\u00e9curit\u00e9.\" \/>\n<meta name=\"robots\" content=\"index, follow, max-snippet:-1, max-image-preview:large, max-video-preview:-1\" \/>\n<link rel=\"canonical\" href=\"https:\/\/atoutlims.fr\/en\/limsweb\/\" \/>\n<meta property=\"og:locale\" content=\"en_GB\" \/>\n<meta property=\"og:type\" content=\"article\" \/>\n<meta property=\"og:title\" content=\"LIMSWeb - ATOUTLIMS\" \/>\n<meta property=\"og:description\" content=\"LimsWeb facilite les demandes d&#039;analyses de vos clients et leur permet de r\u00e9cup\u00e9rer leurs r\u00e9sultats et leurs rapports d&#039;analyse en ligne en toute s\u00e9curit\u00e9.\" \/>\n<meta property=\"og:url\" content=\"https:\/\/atoutlims.fr\/en\/limsweb\/\" \/>\n<meta property=\"og:site_name\" content=\"ATOUTLIMS\" \/>\n<meta property=\"article:modified_time\" content=\"2020-06-11T07:45:14+00:00\" \/>\n<meta property=\"og:image\" content=\"https:\/\/atoutlims.fr\/wp-content\/uploads\/2020\/06\/LIMSweb_logo.png\" \/>\n<meta name=\"twitter:label1\" content=\"Estimated reading time\">\n\t<meta name=\"twitter:data1\" content=\"1 minute\">\n<script type=\"application\/ld+json\" class=\"yoast-schema-graph\">{\"@context\":\"https:\/\/schema.org\",\"@graph\":[{\"@type\":\"Organization\",\"@id\":\"https:\/\/atoutlims.fr\/#organization\",\"name\":\"AtoutLIMS\",\"url\":\"https:\/\/atoutlims.fr\/\",\"sameAs\":[],\"logo\":{\"@type\":\"ImageObject\",\"@id\":\"https:\/\/atoutlims.fr\/#logo\",\"inLanguage\":\"en-GB\",\"url\":\"https:\/\/atoutlims.fr\/wp-content\/uploads\/2020\/05\/ATLlogo_other.png\",\"contentUrl\":\"https:\/\/atoutlims.fr\/wp-content\/uploads\/2020\/05\/ATLlogo_other.png\",\"width\":499,\"height\":291,\"caption\":\"AtoutLIMS\"},\"image\":{\"@id\":\"https:\/\/atoutlims.fr\/#logo\"}},{\"@type\":\"WebSite\",\"@id\":\"https:\/\/atoutlims.fr\/#website\",\"url\":\"https:\/\/atoutlims.fr\/\",\"name\":\"AtoutLIMS\",\"description\":\"Votre \\u00e9quipe pour votre projet informatique de laboratoire\",\"publisher\":{\"@id\":\"https:\/\/atoutlims.fr\/#organization\"},\"potentialAction\":[{\"@type\":\"SearchAction\",\"target\":\"https:\/\/atoutlims.fr\/?s={search_term_string}\",\"query-input\":\"required name=search_term_string\"}],\"inLanguage\":\"en-GB\"},{\"@type\":\"ImageObject\",\"@id\":\"https:\/\/atoutlims.fr\/limsweb\/#primaryimage\",\"inLanguage\":\"en-GB\",\"url\":\"https:\/\/atoutlims.fr\/wp-content\/uploads\/2020\/06\/LIMSweb_logo.png\",\"contentUrl\":\"https:\/\/atoutlims.fr\/wp-content\/uploads\/2020\/06\/LIMSweb_logo.png\",\"width\":889,\"height\":172},{\"@type\":\"WebPage\",\"@id\":\"https:\/\/atoutlims.fr\/limsweb\/#webpage\",\"url\":\"https:\/\/atoutlims.fr\/limsweb\/\",\"name\":\"LIMSWeb - ATOUTLIMS\",\"isPartOf\":{\"@id\":\"https:\/\/atoutlims.fr\/#website\"},\"primaryImageOfPage\":{\"@id\":\"https:\/\/atoutlims.fr\/limsweb\/#primaryimage\"},\"datePublished\":\"2020-06-11T07:04:55+00:00\",\"dateModified\":\"2020-06-11T07:45:14+00:00\",\"description\":\"LimsWeb facilite les demandes d'analyses de vos clients et leur permet de r\\u00e9cup\\u00e9rer leurs r\\u00e9sultats et leurs rapports d'analyse en ligne en toute s\\u00e9curit\\u00e9.\",\"breadcrumb\":{\"@id\":\"https:\/\/atoutlims.fr\/limsweb\/#breadcrumb\"},\"inLanguage\":\"en-GB\",\"potentialAction\":[{\"@type\":\"ReadAction\",\"target\":[\"https:\/\/atoutlims.fr\/limsweb\/\"]}]},{\"@type\":\"BreadcrumbList\",\"@id\":\"https:\/\/atoutlims.fr\/limsweb\/#breadcrumb\",\"itemListElement\":[{\"@type\":\"ListItem\",\"position\":1,\"item\":{\"@type\":\"WebPage\",\"@id\":\"https:\/\/atoutlims.fr\/\",\"url\":\"https:\/\/atoutlims.fr\/\",\"name\":\"Accueil\"}},{\"@type\":\"ListItem\",\"position\":2,\"item\":{\"@id\":\"https:\/\/atoutlims.fr\/limsweb\/#webpage\"}}]}]}<\/script>\n<!-- \/ Yoast SEO plugin. -->","_links":{"self":[{"href":"https:\/\/atoutlims.fr\/en\/wp-json\/wp\/v2\/pages\/253"}],"collection":[{"href":"https:\/\/atoutlims.fr\/en\/wp-json\/wp\/v2\/pages"}],"about":[{"href":"https:\/\/atoutlims.fr\/en\/wp-json\/wp\/v2\/types\/page"}],"author":[{"embeddable":true,"href":"https:\/\/atoutlims.fr\/en\/wp-json\/wp\/v2\/users\/1"}],"replies":[{"embeddable":true,"href":"https:\/\/atoutlims.fr\/en\/wp-json\/wp\/v2\/comments?post=253"}],"version-history":[{"count":11,"href":"https:\/\/atoutlims.fr\/en\/wp-json\/wp\/v2\/pages\/253\/revisions"}],"predecessor-version":[{"id":287,"href":"https:\/\/atoutlims.fr\/en\/wp-json\/wp\/v2\/pages\/253\/revisions\/287"}],"wp:attachment":[{"href":"https:\/\/atoutlims.fr\/en\/wp-json\/wp\/v2\/media?parent=253"}],"curies":[{"name":"wp","href":"https:\/\/api.w.org\/{rel}","templated":true}]}}